{"id":1,"date":"2019-09-06T14:59:51","date_gmt":"2019-09-06T14:59:51","guid":{"rendered":"http:\/\/hoskert.website\/?page_id=1"},"modified":"2025-09-25T09:54:19","modified_gmt":"2025-09-25T14:54:19","slug":"home","status":"publish","type":"page","link":"https:\/\/hoskert.website\/","title":{"rendered":"Inicio"},"content":{"rendered":"<h1>Soluciones Integrales para la Industria Alimentaria<\/h1>\n<div>Somos un negocio B2B que abastece de alimentos al segmento Horeca, canal moderno y tradicional, cadenas de supermercados y autoservicios.<\/div>\n<p><p>\n        <a href=\"#features\">Con\u00f3cenos<\/a>\n    <\/p>\n<\/p>\n<h2>Inarsu C\u00eda. Ltda.<\/h2>\n<h2>Una empresa ecuatoriana dedicada a la producci\u00f3n, procesamiento y envasado de alimentos.<\/h2>\n<div>A trav\u00e9s de nuestras marcas y servicios brindamos soluciones seguras, eficientes y personalizadas para la industria alimentaria. Nos especializamos en la producci\u00f3n, procesamiento, envasado y empacado de alimentos; as\u00ed como en la producci\u00f3n, clasificaci\u00f3n, empacado y venta de huevos de gallina (al por mayor), y en la producci\u00f3n, procesamiento y empacado de papas andinas, frutas, verduras y tub\u00e9rculos. Garantizamos calidad, inocuidad y trazabilidad en cada etapa del proceso productivo<\/div>\n<p><p>\n        <a href=\"\/?page_id=2\">Learn More<\/a>\n    <\/p>\n<\/p>\n<h1>Tu aliado en el procesamiento, envasado y empacado de alimentos.<\/h1>\n<ul>\n<li>\n<p>        <img decoding=\"async\" src=\"\/wp-content\/uploads\/inarsu\/grid-panel-hero-card-1.jpg\" alt=\"\"><\/p>\n<h2>L\u00ednea<br \/>Industrial<\/h2>\n<div>\n<p>Contamos con un complejo industrial equipado con maquinaria automatizada de \u00faltima tecnolog\u00eda para el procesamiento de alimentos. Ofrecemos soluciones flexibles para empacar snacks, cereales, granos, harinas y premezclas, garantizando inocuidad y calidad en todos nuestros productos.<\/p>\n<\/div>\n<p><a href=\"#\">Ver m\u00e1s<\/a><\/p>\n<\/li>\n<li>\n<p>        <img decoding=\"async\" src=\"\/wp-content\/uploads\/inarsu\/grid-panel-hero-card-2.jpg\" alt=\"\"><\/p>\n<h2>Producci\u00f3n<br \/>Av\u00edcola<\/h2>\n<div>Desde nuestras granjas av\u00edcolas seleccionamos cuidadosamente huevos de gallinas saludables, para luego trasladarlos a nuestra planta industrial, donde se clasifican por tama\u00f1os, se codifican y empacan, para su posterior distribuci\u00f3n a las diferentes plataformas de venta. Contamos con el servicio de maquila y marcas blancas.<\/div>\n<p><a href=\"#\">Ver m\u00e1s<\/a><\/p>\n<\/li>\n<li>\n<p>        <img decoding=\"async\" src=\"\/wp-content\/uploads\/inarsu\/grid-panel-hero-card-3.jpg\" alt=\"\"><\/p>\n<h2>Producci\u00f3n Agr\u00edcola<\/h2>\n<div>\n<p>Por m\u00e1s de 40 a\u00f1os, desde nuestros campos se han cosechado productos agr\u00edcolas con alto valor nutricional, como papas, frutas, verduras y dem\u00e1s tub\u00e9rculos. En la actualidad, se ha implementado una nueva l\u00ednea de procesamiento automatizada para obtener:<\/p>\n<ul>\n<li>Productos lavados.<\/li>\n<li>Productos secos.<\/li>\n<li>Productos clasificados por tama\u00f1o (calibre).<\/li>\n<li>Productos frescos.<\/li>\n<\/ul>\n<\/div>\n<p><a href=\"#\">Ver m\u00e1s<\/a><\/p>\n<\/li>\n<\/ul>\n<h2>Calidad que se vive en casa \u2013 nuestras marcas<\/h2>\n<div>\n<ul>\n<li>Good Supercereal: El sabor y la energ\u00eda para empezar bien el d\u00eda.<\/li>\n<li>Ambaves: Frescura y confianza, del campo a su mesa.<\/li>\n<li>Cosecha la Victoria: Lo mejor de nuestra tierra, listo para disfrutar.<\/li>\n<\/ul>\n<\/div>\n<p><p>\n        <a href=\"\/?page_id=2\">Learn More<\/a>\n    <\/p>\n<\/p>\n<p><img decoding=\"async\" src=\"\/wp-content\/uploads\/yootheme\/home-features-01.png\" alt=\"\"><\/p>\n<h2>Get a Detailed Overview Of All Your Projects<\/h2>\n<div>Lorem ipsum dolor sit amet, consetetur sadipscing elitr, sed diam nonumy eirmod tempor invidunt ut labore et dolore magna aliquyam erat, sed diam voluptua. Lorem ipsum dolor sit.<\/div>\n<p><p>\n        <a href=\"\/?page_id=2\">Learn More<\/a>\n    <\/p>\n<\/p>\n<p><img decoding=\"async\" src=\"\/wp-content\/uploads\/yootheme\/home-features-02.png\" alt=\"\"><\/p>\n<h2>Share Your Ideas With Your Friends<\/h2>\n<div>Lorem ipsum dolor sit amet, consetetur sadipscing elitr, sed diam nonumy eirmod tempor invidunt ut labore et dolore magna aliquyam erat, sed diam voluptua. Lorem ipsum dolor sit.<\/div>\n<p><p>\n        <a href=\"\/?page_id=2\">Learn More<\/a>\n    <\/p>\n<\/p>\n<p><img decoding=\"async\" src=\"\/wp-content\/uploads\/yootheme\/home-features-03.svg\" alt=\"\"><\/p>\n<h2>Benefit From a Huge Collection of Extensions<\/h2>\n<div>Lorem ipsum dolor sit amet, consetetur sadipscing elitr, sed diam nonumy eirmod tempor invidunt ut labore et dolore magna aliquyam erat, sed diam voluptua. Lorem ipsum dolor sit.<\/div>\n<ul>\n<li>\n<p>\n        <a href=\"\/?page_id=21\">Get Extensions<\/a>\n    <\/p>\n<\/li>\n<li>\n<p>\n        <a href=\"\/?page_id=21#cyo\">Be One of Us<\/a>\n    <\/p>\n<\/li>\n<\/ul>\n<p><!--more--><br \/>\n<!-- {\"type\":\"layout\",\"children\":[{\"name\":\"Intro\",\"type\":\"section\",\"props\":{\"animation\":\"slide-bottom-medium\",\"animation_delay\":\"200\",\"header_transparent\":true,\"header_transparent_noplaceholder\":true,\"header_transparent_text_color\":\"light\",\"height_offset_top\":false,\"image\":\"wp-content\\\/uploads\\\/inarsu\\\/home-hero-back.png\",\"image_loading\":true,\"image_parallax_bgy\":\"170,0\",\"image_position\":\"center-center\",\"image_size\":\"cover\",\"overlap\":false,\"padding\":\"xlarge\",\"padding_remove_bottom\":false,\"style\":\"default\",\"title_breakpoint\":\"xl\",\"title_position\":\"top-left\",\"title_rotation\":\"left\",\"vertical_align\":\"\",\"width\":\"default\"},\"children\":[{\"type\":\"row\",\"props\":{\"margin\":\"medium\",\"margin_remove_bottom\":true,\"margin_remove_top\":false},\"children\":[{\"type\":\"column\",\"props\":{\"image_height\":\"220\",\"image_parallax_bgy\":\"230,0\",\"image_position\":\"bottom-right\",\"image_width\":\"220\",\"position_sticky_breakpoint\":\"m\",\"text_color\":\"light\",\"width_medium\":\"1-1\"},\"children\":[{\"type\":\"headline\",\"props\":{\"content\":\"Soluciones Integrales para la Industria Alimentaria\",\"text_align\":\"center\",\"title_element\":\"h1\",\"title_style\":\"heading-medium\"}},{\"type\":\"text\",\"props\":{\"block_align\":\"center\",\"column_breakpoint\":\"m\",\"content\":\"Somos un negocio B2B que abastece de alimentos al segmento Horeca, canal moderno y tradicional, cadenas de supermercados y autoservicios.\",\"margin\":\"medium\",\"maxwidth\":\"2xlarge\",\"text_align\":\"center\"}},{\"type\":\"button\",\"props\":{\"button_size\":\"large\",\"fullwidth\":false,\"grid_column_gap\":\"small\",\"grid_row_gap\":\"small\",\"margin\":\"default\",\"text_align\":\"center\"},\"children\":[{\"type\":\"button_item\",\"props\":{\"button_style\":\"primary\",\"content\":\"Con\\u00f3cenos\",\"dialog_layout\":\"modal\",\"dialog_offcanvas_flip\":true,\"icon_align\":\"left\",\"link\":\"#features\"}}]},{\"type\":\"image\",\"props\":{\"image\":\"wp-content\\\/uploads\\\/yootheme\\\/home-hero.jpg\",\"image_border\":\"rounded\",\"image_box_shadow\":\"medium\",\"image_loading\":true,\"image_svg_color\":\"emphasis\",\"image_width\":\"1100\",\"margin\":\"large\",\"margin_remove_top\":false,\"status\":\"disabled\",\"text_align\":\"center\",\"text_align_fallback\":\"center\"}}]}]}]},{\"name\":\"Empresa\",\"type\":\"section\",\"props\":{\"animation\":\"slide-bottom\",\"animation_delay\":\"200\",\"id\":\"features\",\"image_position\":\"center-center\",\"padding\":\"large\",\"padding_remove_bottom\":false,\"padding_remove_top\":true,\"style\":\"default\",\"title_breakpoint\":\"xl\",\"title_position\":\"top-left\",\"title_rotation\":\"left\",\"vertical_align\":\"\",\"width\":\"default\"},\"children\":[{\"type\":\"row\",\"props\":{\"column_gap\":\"large\",\"margin\":\"remove-vertical\",\"margin_remove_bottom\":false,\"margin_remove_top\":false,\"padding_remove_horizontal\":false,\"row_gap\":\"large\",\"width\":\"default\"},\"children\":[{\"type\":\"column\",\"props\":{\"image_effect\":\"parallax\",\"image_height\":\"330\",\"image_parallax_bgy\":\"170,0\",\"image_parallax_easing\":\"1\",\"image_position\":\"center-left\",\"image_width\":\"330\",\"media_visibility\":\"m\",\"position_sticky_breakpoint\":\"m\",\"vertical_align\":\"middle\"},\"children\":[{\"type\":\"headline\",\"props\":{\"block_align\":\"center\",\"content\":\"Inarsu C\\u00eda. Ltda.\",\"margin_remove_bottom\":false,\"maxwidth\":\"2xlarge\",\"maxwidth_breakpoint\":\"s\",\"text_align\":\"left\",\"text_align_breakpoint\":\"m\",\"text_align_fallback\":\"center\",\"title_element\":\"h2\",\"title_style\":\"heading-small\"}},{\"type\":\"headline\",\"props\":{\"block_align\":\"center\",\"content\":\"Una empresa ecuatoriana dedicada a la producci\\u00f3n, procesamiento y envasado de alimentos.\",\"margin_remove_bottom\":true,\"margin_remove_top\":true,\"maxwidth\":\"2xlarge\",\"maxwidth_breakpoint\":\"s\",\"text_align\":\"left\",\"text_align_breakpoint\":\"m\",\"text_align_fallback\":\"center\",\"title_color\":\"primary\",\"title_element\":\"h2\",\"title_style\":\"h3\"}},{\"type\":\"text\",\"props\":{\"block_align\":\"center\",\"column_breakpoint\":\"m\",\"content\":\"A trav\\u00e9s de nuestras marcas y servicios brindamos soluciones seguras, eficientes y personalizadas para la industria alimentaria. Nos especializamos en la producci\\u00f3n, procesamiento, envasado y empacado de alimentos; as\\u00ed como en la producci\\u00f3n, clasificaci\\u00f3n, empacado y venta de huevos de gallina (al por mayor), y en la producci\\u00f3n, procesamiento y empacado de papas andinas, frutas, verduras y tub\\u00e9rculos. Garantizamos calidad, inocuidad y trazabilidad en cada etapa del proceso productivo\",\"margin\":\"default\",\"margin_remove_top\":false,\"maxwidth\":\"2xlarge\",\"text_align\":\"left\",\"text_align_breakpoint\":\"m\",\"text_align_fallback\":\"center\"}},{\"type\":\"button\",\"props\":{\"block_align\":\"center\",\"grid_column_gap\":\"\",\"grid_row_gap\":\"\",\"margin\":\"large\",\"maxwidth\":\"2xlarge\",\"text_align\":\"left\",\"text_align_breakpoint\":\"m\",\"text_align_fallback\":\"center\"},\"children\":[{\"type\":\"button_item\",\"props\":{\"button_style\":\"primary\",\"content\":\"Learn More\",\"dialog_layout\":\"modal\",\"dialog_offcanvas_flip\":true,\"icon_align\":\"left\",\"link\":\"?page_id=2\"}}]}]}]}]},{\"name\":\"EMPAQUES\",\"type\":\"section\",\"props\":{\"animation\":\"slide-bottom-medium\",\"animation_delay\":\"200\",\"header_transparent\":true,\"header_transparent_noplaceholder\":true,\"header_transparent_text_color\":\"light\",\"height_offset_top\":false,\"image\":\"wp-content\\\/uploads\\\/inarsu\\\/home-back-green.jpg\",\"image_loading\":true,\"image_parallax_bgy\":\"170,0\",\"image_position\":\"top-center\",\"image_size\":\"width-1-1\",\"media_focal_point\":\"top-center\",\"overlap\":false,\"padding\":\"large\",\"padding_remove_bottom\":false,\"style\":\"default\",\"title_breakpoint\":\"xl\",\"title_position\":\"top-left\",\"title_rotation\":\"left\",\"vertical_align\":\"\",\"width\":\"default\"},\"children\":[{\"type\":\"row\",\"props\":{\"margin\":\"medium\",\"margin_remove_bottom\":false,\"margin_remove_top\":false},\"children\":[{\"type\":\"column\",\"props\":{\"image_height\":\"220\",\"image_parallax_bgy\":\"230,0\",\"image_position\":\"bottom-right\",\"image_width\":\"220\",\"position_sticky_breakpoint\":\"m\",\"text_color\":\"light\",\"width_medium\":\"1-1\"},\"children\":[{\"type\":\"headline\",\"props\":{\"content\":\"Tu aliado en el procesamiento, envasado y empacado de alimentos.\",\"text_align\":\"center\",\"title_element\":\"h1\",\"title_style\":\"heading-medium\"}}]}]},{\"type\":\"row\",\"children\":[{\"type\":\"column\",\"props\":{\"image_position\":\"center-center\",\"position_sticky_breakpoint\":\"m\"},\"children\":[{\"name\":\"Grid Panel Style Card\",\"type\":\"grid\",\"children\":[{\"type\":\"grid_item\",\"props\":{\"content\":\"\n\n<p>Contamos con un complejo industrial equipado con maquinaria automatizada de \\u00faltima tecnolog\\u00eda para el procesamiento de alimentos. Ofrecemos soluciones flexibles para empacar snacks, cereales, granos, harinas y premezclas, garantizando inocuidad y calidad en todos nuestros productos.<\\\/p>\",\"image\":\"wp-content\\\/uploads\\\/inarsu\\\/grid-panel-hero-card-1.jpg\",\"link\":\"#\",\"meta\":\"\",\"title\":\"L\\u00ednea<br \/>Industrial\"}},{\"type\":\"grid_item\",\"props\":{\"content\":\"Desde nuestras granjas av\\u00edcolas seleccionamos cuidadosamente huevos de gallinas saludables, para luego trasladarlos a nuestra planta industrial, donde se clasifican por tama\\u00f1os, se codifican y empacan, para su posterior distribuci\\u00f3n a las diferentes plataformas de venta. Contamos con el servicio de maquila y marcas blancas.\",\"image\":\"wp-content\\\/uploads\\\/inarsu\\\/grid-panel-hero-card-2.jpg\",\"link\":\"#\",\"meta\":\"\",\"title\":\"Producci\\u00f3n<br \/>Av\\u00edcola\"}},{\"type\":\"grid_item\",\"props\":{\"content\":\"\n\n<p>Por m\\u00e1s de 40 a\\u00f1os, desde nuestros campos se han cosechado productos agr\\u00edcolas con alto valor nutricional, como papas, frutas, verduras y dem\\u00e1s tub\\u00e9rculos. En la actualidad, se ha implementado una nueva l\\u00ednea de procesamiento automatizada para obtener:<\\\/p>\\n\n\n<ul>\\n\n\n<li>Productos lavados.<\\\/li>\\n\n\n<li>Productos secos.<\\\/li>\\n\n\n<li>Productos clasificados por tama\\u00f1o (calibre).<\\\/li>\\n\n\n<li>Productos frescos.<\\\/li>\\n<\\\/ul>\",\"image\":\"wp-content\\\/uploads\\\/inarsu\\\/grid-panel-hero-card-3.jpg\",\"link\":\"#\",\"meta\":\"\",\"title\":\"Producci\\u00f3n Agr\\u00edcola\"}}],\"props\":{\"content_column_breakpoint\":\"m\",\"content_margin\":\"small\",\"filter_align\":\"left\",\"filter_all\":true,\"filter_grid_breakpoint\":\"m\",\"filter_grid_width\":\"auto\",\"filter_position\":\"top\",\"filter_style\":\"tab\",\"grid_column_align\":true,\"grid_default\":\"1\",\"grid_medium\":\"3\",\"grid_small\":\"2\",\"icon_width\":80,\"image_align\":\"top\",\"image_grid_breakpoint\":\"m\",\"image_grid_width\":\"1-2\",\"image_height\":900,\"image_link\":false,\"image_svg_color\":\"emphasis\",\"item_animation\":true,\"lightbox_bg_close\":true,\"link_style\":\"text\",\"link_target\":false,\"link_text\":\"Ver m\\u00e1s\",\"margin\":\"remove-vertical\",\"meta_align\":\"above-title\",\"meta_element\":\"div\",\"meta_style\":\"text-meta\",\"panel_image_no_padding\":true,\"panel_link\":false,\"panel_padding\":\"default\",\"panel_style\":\"card-default\",\"parallax_easing\":\"1\",\"show_content\":true,\"show_hover_image\":true,\"show_hover_video\":true,\"show_image\":true,\"show_link\":true,\"show_meta\":true,\"show_title\":true,\"show_video\":true,\"title_align\":\"top\",\"title_element\":\"h2\",\"title_grid_breakpoint\":\"m\",\"title_grid_width\":\"1-2\",\"title_hover_style\":\"reset\",\"title_link\":true,\"title_margin\":\"small\",\"title_style\":\"h3\"}}]}],\"props\":{\"margin\":\"large\"}}]},{\"name\":\"Calidad\",\"type\":\"section\",\"props\":{\"animation\":\"slide-bottom-medium\",\"animation_delay\":\"200\",\"header_transparent\":true,\"header_transparent_noplaceholder\":true,\"header_transparent_text_color\":\"light\",\"height_offset_top\":false,\"image\":\"wp-content\\\/uploads\\\/inarsu\\\/home-back-huevo.jpg\",\"image_loading\":true,\"image_parallax_bgy\":\"170,0\",\"image_position\":\"top-center\",\"image_size\":\"width-1-1\",\"media_focal_point\":\"top-center\",\"overlap\":false,\"padding\":\"large\",\"padding_remove_bottom\":false,\"style\":\"default\",\"title_breakpoint\":\"xl\",\"title_position\":\"top-left\",\"title_rotation\":\"left\",\"vertical_align\":\"\",\"width\":\"default\"},\"children\":[{\"type\":\"row\",\"props\":{\"margin\":\"medium\",\"margin_remove_bottom\":false,\"margin_remove_top\":false},\"children\":[{\"type\":\"column\",\"props\":{\"image_height\":\"220\",\"image_parallax_bgy\":\"230,0\",\"image_position\":\"bottom-right\",\"image_width\":\"220\",\"position_sticky_breakpoint\":\"m\",\"text_color\":\"light\",\"width_medium\":\"1-1\"}}]},{\"type\":\"row\",\"children\":[{\"type\":\"column\",\"props\":{\"image_position\":\"center-center\",\"position_sticky_breakpoint\":\"m\",\"style\":\"card-default\"},\"children\":[{\"type\":\"headline\",\"props\":{\"block_align\":\"center\",\"content\":\"Calidad que se vive en casa \\u2013 nuestras marcas\",\"margin_remove_bottom\":true,\"margin_remove_top\":true,\"maxwidth\":\"2xlarge\",\"maxwidth_breakpoint\":\"s\",\"text_align\":\"left\",\"text_align_breakpoint\":\"m\",\"text_align_fallback\":\"center\",\"title_color\":\"primary\",\"title_element\":\"h2\",\"title_style\":\"h2\"}},{\"type\":\"text\",\"props\":{\"block_align\":\"center\",\"column_breakpoint\":\"m\",\"content\":\"\n\n<ul>\\n\n\n<li>Good Supercereal: El sabor y la energ\\u00eda para empezar bien el d\\u00eda.<\\\/li>\\n\n\n<li>Ambaves: Frescura y confianza, del campo a su mesa.<\\\/li>\\n\n\n<li>Cosecha la Victoria: Lo mejor de nuestra tierra, listo para disfrutar.<\\\/li>\\n<\\\/ul>\",\"margin\":\"default\",\"margin_remove_top\":false,\"maxwidth\":\"2xlarge\",\"text_align\":\"left\",\"text_align_breakpoint\":\"m\",\"text_align_fallback\":\"center\"}},{\"type\":\"button\",\"props\":{\"block_align\":\"center\",\"grid_column_gap\":\"\",\"grid_row_gap\":\"\",\"margin\":\"large\",\"maxwidth\":\"2xlarge\",\"text_align\":\"left\",\"text_align_breakpoint\":\"m\",\"text_align_fallback\":\"center\"},\"children\":[{\"type\":\"button_item\",\"props\":{\"button_style\":\"primary\",\"content\":\"Learn More\",\"dialog_layout\":\"modal\",\"dialog_offcanvas_flip\":true,\"icon_align\":\"left\",\"link\":\"?page_id=2\"}}]}]}],\"props\":{\"margin\":\"large\"}}]},{\"name\":\"features\",\"type\":\"section\",\"props\":{\"animation\":\"slide-bottom\",\"animation_delay\":\"200\",\"id\":\"features\",\"image_position\":\"center-center\",\"padding\":\"xlarge\",\"padding_remove_top\":false,\"style\":\"default\",\"title_breakpoint\":\"xl\",\"title_position\":\"top-left\",\"title_rotation\":\"left\",\"vertical_align\":\"\",\"width\":\"default\"},\"children\":[{\"type\":\"row\",\"props\":{\"column_gap\":\"large\",\"layout\":\"1-2,1-2\",\"row_gap\":\"large\",\"width\":\"default\"},\"children\":[{\"type\":\"column\",\"props\":{\"image\":\"wp-content\\\/uploads\\\/yootheme\\\/home-features-bg-01.svg\",\"image_effect\":\"parallax\",\"image_height\":\"330\",\"image_parallax_bgy\":\"170,0\",\"image_parallax_easing\":\"1\",\"image_position\":\"center-left\",\"image_width\":\"330\",\"media_visibility\":\"m\",\"position_sticky_breakpoint\":\"m\",\"vertical_align\":\"middle\",\"width_medium\":\"1-2\"},\"children\":[{\"type\":\"image\",\"props\":{\"image\":\"wp-content\\\/uploads\\\/yootheme\\\/home-features-01.png\",\"image_svg_color\":\"emphasis\",\"image_svg_inline\":false,\"image_width\":\"620\",\"margin\":\"default\",\"text_align\":\"center\"}}]},{\"type\":\"column\",\"props\":{\"image_effect\":\"parallax\",\"image_height\":\"200\",\"image_parallax_bgx\":\"-140,0\",\"image_parallax_easing\":\"1\",\"image_position\":\"center-left\",\"image_width\":\"200\",\"position_sticky_breakpoint\":\"m\",\"vertical_align\":\"middle\",\"width_medium\":\"1-2\"},\"children\":[{\"type\":\"headline\",\"props\":{\"block_align\":\"center\",\"content\":\"Get a Detailed Overview Of All Your Projects\",\"maxwidth\":\"xlarge\",\"maxwidth_breakpoint\":\"s\",\"text_align\":\"left\",\"text_align_breakpoint\":\"m\",\"text_align_fallback\":\"center\",\"title_element\":\"h2\",\"title_style\":\"h1\"}},{\"type\":\"text\",\"props\":{\"block_align\":\"center\",\"column_breakpoint\":\"m\",\"content\":\"Lorem ipsum dolor sit amet, consetetur sadipscing elitr, sed diam nonumy eirmod tempor invidunt ut labore et dolore magna aliquyam erat, sed diam voluptua. Lorem ipsum dolor sit.\",\"margin\":\"medium\",\"maxwidth\":\"xlarge\",\"text_align\":\"left\",\"text_align_breakpoint\":\"m\",\"text_align_fallback\":\"center\"}},{\"type\":\"button\",\"props\":{\"block_align\":\"center\",\"grid_column_gap\":\"\",\"grid_row_gap\":\"\",\"margin\":\"large\",\"maxwidth\":\"xlarge\",\"text_align\":\"left\",\"text_align_breakpoint\":\"m\",\"text_align_fallback\":\"center\"},\"children\":[{\"type\":\"button_item\",\"props\":{\"button_style\":\"primary\",\"content\":\"Learn More\",\"dialog_layout\":\"modal\",\"dialog_offcanvas_flip\":true,\"icon_align\":\"left\",\"link\":\"?page_id=2\"}}]}]}]},{\"type\":\"row\",\"props\":{\"column_gap\":\"large\",\"layout\":\"1-2,1-2\",\"margin\":\"xlarge\",\"row_gap\":\"large\",\"width\":\"default\"},\"children\":[{\"type\":\"column\",\"props\":{\"image_position\":\"center-center\",\"position_sticky_breakpoint\":\"m\",\"vertical_align\":\"middle\",\"width_medium\":\"1-2\"},\"children\":[{\"type\":\"image\",\"props\":{\"image\":\"wp-content\\\/uploads\\\/yootheme\\\/home-features-02.png\",\"image_svg_color\":\"emphasis\",\"image_width\":\"620\",\"margin\":\"default\",\"text_align\":\"center\"}}]},{\"type\":\"column\",\"props\":{\"image_position\":\"center-center\",\"order_first\":\"m\",\"position_sticky_breakpoint\":\"m\",\"vertical_align\":\"middle\",\"width_medium\":\"1-2\"},\"children\":[{\"type\":\"headline\",\"props\":{\"block_align\":\"center\",\"content\":\"Share Your Ideas With Your Friends\",\"maxwidth\":\"xlarge\",\"text_align\":\"left\",\"text_align_breakpoint\":\"m\",\"text_align_fallback\":\"center\",\"title_element\":\"h2\",\"title_style\":\"h1\"}},{\"type\":\"text\",\"props\":{\"block_align\":\"center\",\"column_breakpoint\":\"m\",\"content\":\"Lorem ipsum dolor sit amet, consetetur sadipscing elitr, sed diam nonumy eirmod tempor invidunt ut labore et dolore magna aliquyam erat, sed diam voluptua. Lorem ipsum dolor sit.\",\"margin\":\"medium\",\"maxwidth\":\"xlarge\",\"text_align\":\"left\",\"text_align_breakpoint\":\"m\",\"text_align_fallback\":\"center\"}},{\"type\":\"button\",\"props\":{\"block_align\":\"center\",\"grid_column_gap\":\"\",\"grid_row_gap\":\"\",\"margin\":\"large\",\"maxwidth\":\"xlarge\",\"text_align\":\"left\",\"text_align_breakpoint\":\"m\",\"text_align_fallback\":\"center\"},\"children\":[{\"type\":\"button_item\",\"props\":{\"button_style\":\"primary\",\"content\":\"Learn More\",\"dialog_layout\":\"modal\",\"dialog_offcanvas_flip\":true,\"icon_align\":\"left\",\"link\":\"?page_id=2\"}}]}]}]},{\"type\":\"row\",\"props\":{\"column_gap\":\"large\",\"layout\":\"1-2,1-2\",\"margin\":\"xlarge\",\"margin_remove_top\":false,\"row_gap\":\"large\",\"width\":\"default\"},\"children\":[{\"type\":\"column\",\"props\":{\"image\":\"wp-content\\\/uploads\\\/yootheme\\\/home-features-bg-02.svg\",\"image_effect\":\"parallax\",\"image_height\":\"410\",\"image_parallax_bgy\":\"0,30\",\"image_parallax_easing\":\"1\",\"image_position\":\"top-left\",\"image_width\":\"410\",\"media_visibility\":\"m\",\"position_sticky_breakpoint\":\"m\",\"vertical_align\":\"middle\",\"width_medium\":\"1-2\"},\"children\":[{\"type\":\"image\",\"props\":{\"animation\":\"fade\",\"image\":\"wp-content\\\/uploads\\\/yootheme\\\/home-features-03.svg\",\"image_svg_color\":\"emphasis\",\"image_svg_inline\":true,\"image_width\":\"620\",\"margin\":\"default\",\"text_align\":\"center\"}}]},{\"type\":\"column\",\"props\":{\"image_position\":\"center-center\",\"position_sticky_breakpoint\":\"m\",\"vertical_align\":\"middle\",\"width_medium\":\"1-2\"},\"children\":[{\"type\":\"headline\",\"props\":{\"block_align\":\"center\",\"content\":\"Benefit From a Huge Collection of Extensions\",\"maxwidth\":\"xlarge\",\"text_align\":\"left\",\"text_align_breakpoint\":\"m\",\"text_align_fallback\":\"center\",\"title_element\":\"h2\",\"title_style\":\"h1\"}},{\"type\":\"text\",\"props\":{\"block_align\":\"center\",\"column_breakpoint\":\"m\",\"content\":\"Lorem ipsum dolor sit amet, consetetur sadipscing elitr, sed diam nonumy eirmod tempor invidunt ut labore et dolore magna aliquyam erat, sed diam voluptua. Lorem ipsum dolor sit.\",\"margin\":\"medium\",\"maxwidth\":\"xlarge\",\"text_align\":\"left\",\"text_align_breakpoint\":\"m\",\"text_align_fallback\":\"center\"}},{\"type\":\"button\",\"props\":{\"block_align\":\"center\",\"grid_column_gap\":\"\",\"grid_row_gap\":\"\",\"margin\":\"large\",\"maxwidth\":\"xlarge\",\"text_align\":\"left\",\"text_align_breakpoint\":\"m\",\"text_align_fallback\":\"center\"},\"children\":[{\"type\":\"button_item\",\"props\":{\"button_style\":\"secondary\",\"content\":\"Get Extensions\",\"dialog_layout\":\"modal\",\"dialog_offcanvas_flip\":true,\"icon_align\":\"left\",\"link\":\"?page_id=21\"}},{\"type\":\"button_item\",\"props\":{\"button_style\":\"primary\",\"content\":\"Be One of Us\",\"dialog_layout\":\"modal\",\"dialog_offcanvas_flip\":true,\"icon_align\":\"left\",\"link\":\"?page_id=21#cyo\"}}]}]}]}]}],\"version\":\"4.5.21\"} --><\/p>\n","protected":false},"excerpt":{"rendered":"<p>Soluciones Integrales para la Industria Alimentaria Somos un negocio B2B que abastece de alimentos al segmento Horeca, canal moderno y tradicional, cadenas de supermercados y autoservicios. Con\u00f3cenos Inarsu C\u00eda. Ltda. Una empresa ecuatoriana dedicada a la producci\u00f3n, procesamiento y envasado de alimentos. A trav\u00e9s de nuestras marcas y servicios brindamos soluciones seguras, eficientes y personalizadas [&hellip;]<\/p>\n","protected":false},"author":1,"featured_media":0,"parent":0,"menu_order":5,"comment_status":"closed","ping_status":"closed","template":"","meta":{"_acf_changed":false,"footnotes":""},"class_list":["post-1","page","type-page","status-publish","hentry"],"acf":[],"_links":{"self":[{"href":"https:\/\/hoskert.website\/index.php?rest_route=\/wp\/v2\/pages\/1","targetHints":{"allow":["GET"]}}],"collection":[{"href":"https:\/\/hoskert.website\/index.php?rest_route=\/wp\/v2\/pages"}],"about":[{"href":"https:\/\/hoskert.website\/index.php?rest_route=\/wp\/v2\/types\/page"}],"author":[{"embeddable":true,"href":"https:\/\/hoskert.website\/index.php?rest_route=\/wp\/v2\/users\/1"}],"replies":[{"embeddable":true,"href":"https:\/\/hoskert.website\/index.php?rest_route=%2Fwp%2Fv2%2Fcomments&post=1"}],"version-history":[{"count":67,"href":"https:\/\/hoskert.website\/index.php?rest_route=\/wp\/v2\/pages\/1\/revisions"}],"predecessor-version":[{"id":2194,"href":"https:\/\/hoskert.website\/index.php?rest_route=\/wp\/v2\/pages\/1\/revisions\/2194"}],"wp:attachment":[{"href":"https:\/\/hoskert.website\/index.php?rest_route=%2Fwp%2Fv2%2Fmedia&parent=1"}],"curies":[{"name":"wp","href":"https:\/\/api.w.org\/{rel}","templated":true}]}}